{"id":105,"date":"2024-07-22T18:00:20","date_gmt":"2024-07-22T16:00:20","guid":{"rendered":"http:\/\/rozowyslon.eu\/?page_id=105"},"modified":"2025-02-12T09:28:51","modified_gmt":"2025-02-12T08:28:51","slug":"plan-zajeci-dodatkowych","status":"publish","type":"page","link":"http:\/\/rozowyslon.eu\/?page_id=105","title":{"rendered":"Plan zaj\u0119\u0107 dodatkowych"},"content":{"rendered":"\t\t<div data-elementor-type=\"wp-page\" data-elementor-id=\"105\" class=\"elementor elementor-105\">\n\t\t\t\t<div class=\"elementor-element elementor-element-fe8bf79 e-flex e-con-boxed e-con e-parent\" data-id=\"fe8bf79\" data-element_type=\"container\">\n\t\t\t\t\t<div class=\"e-con-inner\">\n\t\t\t\t<div class=\"elementor-element elementor-element-da6accb elementor-widget elementor-widget-text-editor\" data-id=\"da6accb\" data-element_type=\"widget\" data-widget_type=\"text-editor.default\">\n\t\t\t\t<div class=\"elementor-widget-container\">\n\t\t\t\t\t\t\t\t\t<p><b>Poniedzia\u0142ek<\/b><\/p><p>9.30-10.30 JOGA PI grupa 3,4 latk\u00f3w<\/p><p><b>Wtorek<\/b><\/p><p>9.45-10.15 J\u0118ZYK ANGIELSKI grupa 3,4 latk\u00f3w<\/p><p>10.15-11.00 J\u0118ZYK ANGIELSKI grupa 5 latk\u00f3w<\/p><p>11.00-11.45 J\u0118ZYK ANGIELSKI grupa 6 latk\u00f3w<\/p><p><b>\u015aroda<\/b><\/p><p>9.30-10.30 SCRAPBOOKING grupa 6 latk\u00f3w\/ grupa 5 latk\u00f3w\/ raz w miesi\u0105cu<\/p><p><b>Czwartek<\/b><\/p><p>10.00-10.30 ROBOTYKA grupa 3,4 latk\u00f3w<\/p><p>10.30-11.15 ROBOTYKA grupa 5 latk\u00f3w<\/p><p>11.15- 12.00 ROBOTYKA grupa 6 latk\u00f3w<\/p><p>13.00-13.30 GIMNASTYKA Z AKROBATYK\u0104 grupa 5 latk\u00f3w<\/p><p>13.30-14.00 GIMNASTYKA Z AKROBATYK\u0104 grupa 4 latk\u00f3w<\/p><p>14.00-14.15 GIMNASTYKA Z AKROBATYK\u0104 grupa 3 latk\u00f3w<\/p><p>14.15-15.00 GIMNASTYKA Z AKROBATYK\u0104 grupa 6 latk\u00f3w<\/p><p><b>Pi\u0105tek <\/b><\/p><p>10.00-10.30 J\u0118ZYK ANGIELSKI grupa 3,4 latk\u00f3w<\/p><p>10.30-11.15 J\u0118ZYK ANGIELSKI grupa 5 latk\u00f3w<\/p><p>11.15-12.00 J\u0118ZYK ANGIELSKI grupa 6 latk\u00f3w<\/p><p><a name=\"_GoBack\"><\/a> ZAJ\u0118CIA LOGOPEDYCZNE INDYWIDUALNE<\/p>\t\t\t\t\t\t\t\t<\/div>\n\t\t\t\t<\/div>\n\t\t\t\t\t<\/div>\n\t\t\t\t<\/div>\n\t\t\t\t<\/div>\n\t\t","protected":false},"excerpt":{"rendered":"<p>Poniedzia\u0142ek 9.30-10.30 JOGA PI grupa 3,4 latk\u00f3w Wtorek 9.45-10.15 J\u0118ZYK ANGIELSKI grupa 3,4 latk\u00f3w 10.15-11.00 J\u0118ZYK ANGIELSKI grupa 5 latk\u00f3w 11.00-11.45 J\u0118ZYK ANGIELSKI grupa 6 latk\u00f3w \u015aroda 9.30-10.30 SCRAPBOOKING grupa 6 latk\u00f3w\/ grupa 5 latk\u00f3w\/ raz w miesi\u0105cu Czwartek 10.00-10.30 ROBOTYKA grupa 3,4 latk\u00f3w 10.30-11.15 ROBOTYKA grupa 5 latk\u00f3w 11.15- 12.00 ROBOTYKA grupa 6 latk\u00f3w&hellip; <br \/> <a class=\"read-more\" href=\"http:\/\/rozowyslon.eu\/?page_id=105\">Dowiedz si\u0119 wi\u0119cej<\/a><\/p>\n","protected":false},"author":1,"featured_media":0,"parent":0,"menu_order":0,"comment_status":"closed","ping_status":"closed","template":"","meta":{"footnotes":""},"class_list":["post-105","page","type-page","status-publish","hentry"],"_links":{"self":[{"href":"http:\/\/rozowyslon.eu\/index.php?rest_route=\/wp\/v2\/pages\/105","targetHints":{"allow":["GET"]}}],"collection":[{"href":"http:\/\/rozowyslon.eu\/index.php?rest_route=\/wp\/v2\/pages"}],"about":[{"href":"http:\/\/rozowyslon.eu\/index.php?rest_route=\/wp\/v2\/types\/page"}],"author":[{"embeddable":true,"href":"http:\/\/rozowyslon.eu\/index.php?rest_route=\/wp\/v2\/users\/1"}],"replies":[{"embeddable":true,"href":"http:\/\/rozowyslon.eu\/index.php?rest_route=%2Fwp%2Fv2%2Fcomments&post=105"}],"version-history":[{"count":17,"href":"http:\/\/rozowyslon.eu\/index.php?rest_route=\/wp\/v2\/pages\/105\/revisions"}],"predecessor-version":[{"id":137,"href":"http:\/\/rozowyslon.eu\/index.php?rest_route=\/wp\/v2\/pages\/105\/revisions\/137"}],"wp:attachment":[{"href":"http:\/\/rozowyslon.eu\/index.php?rest_route=%2Fwp%2Fv2%2Fmedia&parent=105"}],"curies":[{"name":"wp","href":"https:\/\/api.w.org\/{rel}","templated":true}]}}