{"id":281,"date":"2025-04-07T20:30:46","date_gmt":"2025-04-07T18:30:46","guid":{"rendered":"http:\/\/rozowyslon.eu\/?page_id=281"},"modified":"2025-04-07T20:32:33","modified_gmt":"2025-04-07T18:32:33","slug":"odzial-zlobkowy","status":"publish","type":"page","link":"http:\/\/rozowyslon.eu\/?page_id=281","title":{"rendered":"ODZIA\u0141 \u017b\u0141OBKOWY"},"content":{"rendered":"\t\t<div data-elementor-type=\"wp-page\" data-elementor-id=\"281\" class=\"elementor elementor-281\">\n\t\t\t\t<div class=\"elementor-element elementor-element-18d5eb5 e-flex e-con-boxed e-con e-parent\" data-id=\"18d5eb5\" data-element_type=\"container\">\n\t\t\t\t\t<div class=\"e-con-inner\">\n\t\t\t\t<div class=\"elementor-element elementor-element-78ed61c elementor-widget elementor-widget-text-editor\" data-id=\"78ed61c\" data-element_type=\"widget\" data-widget_type=\"text-editor.default\">\n\t\t\t\t<div class=\"elementor-widget-container\">\n\t\t\t\t\t\t\t\t\t<h3><strong>RAMOWY PLAN DNIA \u017b\u0141OBKA<\/strong><\/h3><p>6.30 \u2013 9.00 Przyjmowanie dzieci do \u017c\u0142obka (czas na swobodn\u0105 zabaw\u0119 dzieci, indywidualne zabawy edukacyjne z opiekunami)<\/p><p>8.45 \u2013 9.00 Przygotowanie do \u015bniadania (czynno\u015bci higieniczne i piel\u0119gnacyjne, wdra\u017canie element\u00f3w higieny osobistej)<\/p><p>9.00 \u2013 9.30 \u015aniadanie<\/p><p>9.30 -9.40 Czynno\u015bci piel\u0119gnacyjne i higieniczne<\/p><p>9.40-10.45 Zaj\u0119cia edukacyjno-wychowawcze, plastyczne, zabawy ruchowo-muzyczne i zaj\u0119cia dodatkowe, rozwijaj\u0105ce indywidualne zdolno\u015bci dzieci (np. j\u0119zyk angielski, wsp\u00f3lne czytanie), pobyt na \u015bwie\u017cym powietrzu oraz imprezy okoliczno\u015bciowe<\/p><p>10.45 -11.00 Przygotowanie do obiadu (czynno\u015bci higieniczne i piel\u0119gnacyjne, wdra\u017canie element\u00f3w higieny osobistej)<\/p><p>11.00 &#8211; 11.30 Obiad<\/p><p>11.30 &#8211; 11.45 Czynno\u015bci higieniczne \u2013 przygotowanie do snu lub le\u017cakowania (wyciszenie przed snem &#8211; czytanie bajek, s\u0142uchanie muzyki relaksacyjnej, ko\u0142ysanek)<\/p><p>11.45 \u2013 13.45 Czas na sen lub le\u017cakowanie<\/p><p>13.45 \u2013 14.00 Czynno\u015bci piel\u0119gnacyjne i higieniczne po spaniu (trening czysto\u015bci &#8211; nauka i wdra\u017canie element\u00f3w higieny osobistej), przygotowanie do podwieczorku<\/p><p>14.00 &#8211; 14.30 podwieczorek<\/p><p>14.30-16.30 zabawy dowolne, zabawy na \u015bwie\u017cym powietrzu, rozchodzenie si\u0119 dzieci do domu.<\/p>\t\t\t\t\t\t\t\t<\/div>\n\t\t\t\t<\/div>\n\t\t\t\t\t<\/div>\n\t\t\t\t<\/div>\n\t\t\t\t<\/div>\n\t\t","protected":false},"excerpt":{"rendered":"<p>RAMOWY PLAN DNIA \u017b\u0141OBKA 6.30 \u2013 9.00 Przyjmowanie dzieci do \u017c\u0142obka (czas na swobodn\u0105 zabaw\u0119 dzieci, indywidualne zabawy edukacyjne z opiekunami) 8.45 \u2013 9.00 Przygotowanie do \u015bniadania (czynno\u015bci higieniczne i piel\u0119gnacyjne, wdra\u017canie element\u00f3w higieny osobistej) 9.00 \u2013 9.30 \u015aniadanie 9.30 -9.40 Czynno\u015bci piel\u0119gnacyjne i higieniczne 9.40-10.45 Zaj\u0119cia edukacyjno-wychowawcze, plastyczne, zabawy ruchowo-muzyczne i zaj\u0119cia dodatkowe, rozwijaj\u0105ce&hellip; <br \/> <a class=\"read-more\" href=\"http:\/\/rozowyslon.eu\/?page_id=281\">Dowiedz si\u0119 wi\u0119cej<\/a><\/p>\n","protected":false},"author":1,"featured_media":0,"parent":0,"menu_order":0,"comment_status":"closed","ping_status":"closed","template":"","meta":{"footnotes":""},"class_list":["post-281","page","type-page","status-publish","hentry"],"_links":{"self":[{"href":"http:\/\/rozowyslon.eu\/index.php?rest_route=\/wp\/v2\/pages\/281","targetHints":{"allow":["GET"]}}],"collection":[{"href":"http:\/\/rozowyslon.eu\/index.php?rest_route=\/wp\/v2\/pages"}],"about":[{"href":"http:\/\/rozowyslon.eu\/index.php?rest_route=\/wp\/v2\/types\/page"}],"author":[{"embeddable":true,"href":"http:\/\/rozowyslon.eu\/index.php?rest_route=\/wp\/v2\/users\/1"}],"replies":[{"embeddable":true,"href":"http:\/\/rozowyslon.eu\/index.php?rest_route=%2Fwp%2Fv2%2Fcomments&post=281"}],"version-history":[{"count":4,"href":"http:\/\/rozowyslon.eu\/index.php?rest_route=\/wp\/v2\/pages\/281\/revisions"}],"predecessor-version":[{"id":285,"href":"http:\/\/rozowyslon.eu\/index.php?rest_route=\/wp\/v2\/pages\/281\/revisions\/285"}],"wp:attachment":[{"href":"http:\/\/rozowyslon.eu\/index.php?rest_route=%2Fwp%2Fv2%2Fmedia&parent=281"}],"curies":[{"name":"wp","href":"https:\/\/api.w.org\/{rel}","templated":true}]}}