{"id":287,"date":"2025-04-07T20:36:35","date_gmt":"2025-04-07T18:36:35","guid":{"rendered":"http:\/\/rozowyslon.eu\/?page_id=287"},"modified":"2025-04-07T20:45:15","modified_gmt":"2025-04-07T18:45:15","slug":"karta-zgloszenia-dziecka-do-przedszkola-zlobka","status":"publish","type":"page","link":"http:\/\/rozowyslon.eu\/?page_id=287","title":{"rendered":"KARTA ZG\u0141OSZENIA DZIECKA\u00a0 DO PRZEDSZKOLA\/ \u017b\u0141OBKA"},"content":{"rendered":"\t\t<div data-elementor-type=\"wp-page\" data-elementor-id=\"287\" class=\"elementor elementor-287\">\n\t\t\t\t<div class=\"elementor-element elementor-element-871bb25 e-flex e-con-boxed e-con e-parent\" data-id=\"871bb25\" data-element_type=\"container\">\n\t\t\t\t\t<div class=\"e-con-inner\">\n\t\t\t\t<div class=\"elementor-element elementor-element-0383b2a elementor-widget elementor-widget-heading\" data-id=\"0383b2a\" data-element_type=\"widget\" data-widget_type=\"heading.default\">\n\t\t\t\t<div class=\"elementor-widget-container\">\n\t\t\t\t\t<h4 class=\"elementor-heading-title elementor-size-default\">Do pobrania:<\/h4>\t\t\t\t<\/div>\n\t\t\t\t<\/div>\n\t\t\t\t\t<\/div>\n\t\t\t\t<\/div>\n\t\t<div class=\"elementor-element elementor-element-9bea869 e-flex e-con-boxed e-con e-parent\" data-id=\"9bea869\" data-element_type=\"container\">\n\t\t\t\t\t<div class=\"e-con-inner\">\n\t\t\t\t<div class=\"elementor-element elementor-element-970551a elementor-widget elementor-widget-text-editor\" data-id=\"970551a\" data-element_type=\"widget\" data-widget_type=\"text-editor.default\">\n\t\t\t\t<div class=\"elementor-widget-container\">\n\t\t\t\t\t\t\t\t\t<p><a href=\"http:\/\/rozowyslon.eu\/wp-content\/uploads\/2025\/04\/Karta-zgloszenia.doc\"><strong>KARTA ZG\u0141OSZENIA DZIECKA\u00a0 DO PRZEDSZKOLA\/ \u017b\u0141OBKA.DOC<\/strong><\/a><\/p><p><a href=\"http:\/\/rozowyslon.eu\/wp-content\/uploads\/2025\/04\/Karta-zgloszenia.pdf\"><strong>KARTA ZG\u0141OSZENIA DZIECKA\u00a0 DO PRZEDSZKOLA\/ \u017b\u0141OBKA.PDF<\/strong><\/a><\/p>\t\t\t\t\t\t\t\t<\/div>\n\t\t\t\t<\/div>\n\t\t\t\t\t<\/div>\n\t\t\t\t<\/div>\n\t\t\t\t<\/div>\n\t\t","protected":false},"excerpt":{"rendered":"<p>Do pobrania: KARTA ZG\u0141OSZENIA DZIECKA\u00a0 DO PRZEDSZKOLA\/ \u017b\u0141OBKA.DOC KARTA ZG\u0141OSZENIA DZIECKA\u00a0 DO PRZEDSZKOLA\/ \u017b\u0141OBKA.PDF<\/p>\n","protected":false},"author":1,"featured_media":0,"parent":0,"menu_order":0,"comment_status":"closed","ping_status":"closed","template":"","meta":{"footnotes":""},"class_list":["post-287","page","type-page","status-publish","hentry"],"_links":{"self":[{"href":"http:\/\/rozowyslon.eu\/index.php?rest_route=\/wp\/v2\/pages\/287","targetHints":{"allow":["GET"]}}],"collection":[{"href":"http:\/\/rozowyslon.eu\/index.php?rest_route=\/wp\/v2\/pages"}],"about":[{"href":"http:\/\/rozowyslon.eu\/index.php?rest_route=\/wp\/v2\/types\/page"}],"author":[{"embeddable":true,"href":"http:\/\/rozowyslon.eu\/index.php?rest_route=\/wp\/v2\/users\/1"}],"replies":[{"embeddable":true,"href":"http:\/\/rozowyslon.eu\/index.php?rest_route=%2Fwp%2Fv2%2Fcomments&post=287"}],"version-history":[{"count":7,"href":"http:\/\/rozowyslon.eu\/index.php?rest_route=\/wp\/v2\/pages\/287\/revisions"}],"predecessor-version":[{"id":297,"href":"http:\/\/rozowyslon.eu\/index.php?rest_route=\/wp\/v2\/pages\/287\/revisions\/297"}],"wp:attachment":[{"href":"http:\/\/rozowyslon.eu\/index.php?rest_route=%2Fwp%2Fv2%2Fmedia&parent=287"}],"curies":[{"name":"wp","href":"https:\/\/api.w.org\/{rel}","templated":true}]}}