{"id":298,"date":"2025-04-07T20:48:35","date_gmt":"2025-04-07T18:48:35","guid":{"rendered":"http:\/\/rozowyslon.eu\/?page_id=298"},"modified":"2025-04-07T20:51:28","modified_gmt":"2025-04-07T18:51:28","slug":"oddzial-przedszkolny","status":"publish","type":"page","link":"http:\/\/rozowyslon.eu\/?page_id=298","title":{"rendered":"ODDZIA\u0141 PRZEDSZKOLNY"},"content":{"rendered":"\t\t<div data-elementor-type=\"wp-page\" data-elementor-id=\"298\" class=\"elementor elementor-298\">\n\t\t\t\t<div class=\"elementor-element elementor-element-0fe5dff e-flex e-con-boxed e-con e-parent\" data-id=\"0fe5dff\" data-element_type=\"container\">\n\t\t\t\t\t<div class=\"e-con-inner\">\n\t\t\t\t<div class=\"elementor-element elementor-element-4b2eb90 elementor-widget elementor-widget-text-editor\" data-id=\"4b2eb90\" data-element_type=\"widget\" data-widget_type=\"text-editor.default\">\n\t\t\t\t<div class=\"elementor-widget-container\">\n\t\t\t\t\t\t\t\t\t<p><strong>RAMOWY ROZK\u0141AD DNIA PRZEDSZKOLA<\/strong><\/p><p>6:30-8.40\u00a0\u00a0\u00a0\u00a0\u00a0\u00a0\u00a0 Schodzenie si\u0119 dzieci. Praca indywidualna i zespo\u0142owa jako forma realizacji\u00a0 tre\u015bci programowych, zabawy inspirowane.\u00a0\u00a0\u00a0\u00a0\u00a0\u00a0 \u00a0\u00a0\u00a0\u00a0<\/p><p>8.40-9.00\u00a0 \u00a0\u00a0\u00a0\u00a0\u00a0 Zabawy ruchowe. Przygotowanie do \u015bniadania.<\/p><p>9.00-9.30\u00a0\u00a0\u00a0\u00a0\u00a0\u00a0\u00a0 \u015aniadanie<\/p><p>9.30-11.50 \u00a0\u00a0\u00a0\u00a0 Zaj\u0119cia dydaktyczne z ca\u0142\u0105 grup\u0105. Zaj\u0119cia dodatkowe<\/p><p>11.50-12.00\u00a0\u00a0\u00a0 Czynno\u015bci higieniczne.<\/p><p>12.00-12.30\u00a0\u00a0\u00a0 Obiad<\/p><p>12.30-14.00\u00a0\u00a0 Odpoczynek poobiedni. Zaj\u0119cia dodatkowe lub indywidualne w ma\u0142ych zespo\u0142ach. Wyj\u015bcia na plac zabaw.<\/p><p>14.00-14.10\u00a0\u00a0\u00a0 Czynno\u015bci higieniczne. Przygotowanie do podwieczorku<\/p><p>14.10-14.30\u00a0\u00a0\u00a0\u00a0 Podwieczorek.<\/p><p>14.30-17.00\u00a0\u00a0\u00a0\u00a0 Rozchodzenie si\u0119 dzieci. Zabawy dowolne indywidualne b\u0105d\u017a grupowe, w salach, b\u0105d\u017a na placu zabaw. Prace porz\u0105dkowe.<\/p>\t\t\t\t\t\t\t\t<\/div>\n\t\t\t\t<\/div>\n\t\t\t\t\t<\/div>\n\t\t\t\t<\/div>\n\t\t\t\t<\/div>\n\t\t","protected":false},"excerpt":{"rendered":"<p>RAMOWY ROZK\u0141AD DNIA PRZEDSZKOLA 6:30-8.40\u00a0\u00a0\u00a0\u00a0\u00a0\u00a0\u00a0 Schodzenie si\u0119 dzieci. Praca indywidualna i zespo\u0142owa jako forma realizacji\u00a0 tre\u015bci programowych, zabawy inspirowane.\u00a0\u00a0\u00a0\u00a0\u00a0\u00a0 \u00a0\u00a0\u00a0\u00a0 8.40-9.00\u00a0 \u00a0\u00a0\u00a0\u00a0\u00a0 Zabawy ruchowe. Przygotowanie do \u015bniadania. 9.00-9.30\u00a0\u00a0\u00a0\u00a0\u00a0\u00a0\u00a0 \u015aniadanie 9.30-11.50 \u00a0\u00a0\u00a0\u00a0 Zaj\u0119cia dydaktyczne z ca\u0142\u0105 grup\u0105. Zaj\u0119cia dodatkowe 11.50-12.00\u00a0\u00a0\u00a0 Czynno\u015bci higieniczne. 12.00-12.30\u00a0\u00a0\u00a0 Obiad 12.30-14.00\u00a0\u00a0 Odpoczynek poobiedni. Zaj\u0119cia dodatkowe lub indywidualne w ma\u0142ych zespo\u0142ach. Wyj\u015bcia na&hellip; <br \/> <a class=\"read-more\" href=\"http:\/\/rozowyslon.eu\/?page_id=298\">Dowiedz si\u0119 wi\u0119cej<\/a><\/p>\n","protected":false},"author":1,"featured_media":0,"parent":0,"menu_order":0,"comment_status":"closed","ping_status":"closed","template":"","meta":{"footnotes":""},"class_list":["post-298","page","type-page","status-publish","hentry"],"_links":{"self":[{"href":"http:\/\/rozowyslon.eu\/index.php?rest_route=\/wp\/v2\/pages\/298","targetHints":{"allow":["GET"]}}],"collection":[{"href":"http:\/\/rozowyslon.eu\/index.php?rest_route=\/wp\/v2\/pages"}],"about":[{"href":"http:\/\/rozowyslon.eu\/index.php?rest_route=\/wp\/v2\/types\/page"}],"author":[{"embeddable":true,"href":"http:\/\/rozowyslon.eu\/index.php?rest_route=\/wp\/v2\/users\/1"}],"replies":[{"embeddable":true,"href":"http:\/\/rozowyslon.eu\/index.php?rest_route=%2Fwp%2Fv2%2Fcomments&post=298"}],"version-history":[{"count":4,"href":"http:\/\/rozowyslon.eu\/index.php?rest_route=\/wp\/v2\/pages\/298\/revisions"}],"predecessor-version":[{"id":302,"href":"http:\/\/rozowyslon.eu\/index.php?rest_route=\/wp\/v2\/pages\/298\/revisions\/302"}],"wp:attachment":[{"href":"http:\/\/rozowyslon.eu\/index.php?rest_route=%2Fwp%2Fv2%2Fmedia&parent=298"}],"curies":[{"name":"wp","href":"https:\/\/api.w.org\/{rel}","templated":true}]}}