{"id":304,"date":"2025-04-07T20:53:08","date_gmt":"2025-04-07T18:53:08","guid":{"rendered":"http:\/\/rozowyslon.eu\/?page_id=304"},"modified":"2025-04-07T21:02:31","modified_gmt":"2025-04-07T19:02:31","slug":"statut-niepublicznego-punktu-przedszkolnego-rozowy-slon","status":"publish","type":"page","link":"http:\/\/rozowyslon.eu\/?page_id=304","title":{"rendered":"Statut\u00a0 Niepublicznego Punktu Przedszkolnego \u201eR\u00f3\u017cowy S\u0142o\u0144\u201d"},"content":{"rendered":"\t\t<div data-elementor-type=\"wp-page\" data-elementor-id=\"304\" class=\"elementor elementor-304\">\n\t\t\t\t<div class=\"elementor-element elementor-element-a2af79c e-flex e-con-boxed e-con e-parent\" data-id=\"a2af79c\" data-element_type=\"container\">\n\t\t\t\t\t<div class=\"e-con-inner\">\n\t\t\t\t<div class=\"elementor-element elementor-element-09ffe15 elementor-widget elementor-widget-image\" data-id=\"09ffe15\" data-element_type=\"widget\" data-widget_type=\"image.default\">\n\t\t\t\t<div class=\"elementor-widget-container\">\n\t\t\t\t\t\t\t\t\t\t\t\t\t\t\t\t<a href=\"http:\/\/rozowyslon.eu\/wp-content\/uploads\/2025\/04\/Statut-Niepublicznego-Punktu-Przedszkolnego-\u201eRozowy-Slon.pdf\">\n\t\t\t\t\t\t\t<img fetchpriority=\"high\" decoding=\"async\" width=\"1024\" height=\"287\" src=\"http:\/\/rozowyslon.eu\/wp-content\/uploads\/2025\/04\/baner1-statut-1024x287.jpg\" class=\"attachment-large size-large wp-image-314\" alt=\"\" srcset=\"http:\/\/rozowyslon.eu\/wp-content\/uploads\/2025\/04\/baner1-statut-1024x287.jpg 1024w, http:\/\/rozowyslon.eu\/wp-content\/uploads\/2025\/04\/baner1-statut-300x84.jpg 300w, http:\/\/rozowyslon.eu\/wp-content\/uploads\/2025\/04\/baner1-statut-768x215.jpg 768w, http:\/\/rozowyslon.eu\/wp-content\/uploads\/2025\/04\/baner1-statut.jpg 1300w\" sizes=\"(max-width: 1024px) 100vw, 1024px\" \/>\t\t\t\t\t\t\t\t<\/a>\n\t\t\t\t\t\t\t\t\t\t\t\t\t\t\t<\/div>\n\t\t\t\t<\/div>\n\t\t\t\t\t<\/div>\n\t\t\t\t<\/div>\n\t\t\t\t<\/div>\n\t\t","protected":false},"excerpt":{"rendered":"","protected":false},"author":1,"featured_media":310,"parent":0,"menu_order":0,"comment_status":"closed","ping_status":"closed","template":"","meta":{"footnotes":""},"class_list":["post-304","page","type-page","status-publish","has-post-thumbnail","hentry"],"_links":{"self":[{"href":"http:\/\/rozowyslon.eu\/index.php?rest_route=\/wp\/v2\/pages\/304","targetHints":{"allow":["GET"]}}],"collection":[{"href":"http:\/\/rozowyslon.eu\/index.php?rest_route=\/wp\/v2\/pages"}],"about":[{"href":"http:\/\/rozowyslon.eu\/index.php?rest_route=\/wp\/v2\/types\/page"}],"author":[{"embeddable":true,"href":"http:\/\/rozowyslon.eu\/index.php?rest_route=\/wp\/v2\/users\/1"}],"replies":[{"embeddable":true,"href":"http:\/\/rozowyslon.eu\/index.php?rest_route=%2Fwp%2Fv2%2Fcomments&post=304"}],"version-history":[{"count":7,"href":"http:\/\/rozowyslon.eu\/index.php?rest_route=\/wp\/v2\/pages\/304\/revisions"}],"predecessor-version":[{"id":317,"href":"http:\/\/rozowyslon.eu\/index.php?rest_route=\/wp\/v2\/pages\/304\/revisions\/317"}],"wp:featuredmedia":[{"embeddable":true,"href":"http:\/\/rozowyslon.eu\/index.php?rest_route=\/wp\/v2\/media\/310"}],"wp:attachment":[{"href":"http:\/\/rozowyslon.eu\/index.php?rest_route=%2Fwp%2Fv2%2Fmedia&parent=304"}],"curies":[{"name":"wp","href":"https:\/\/api.w.org\/{rel}","templated":true}]}}