{"id":329,"date":"2025-04-07T21:17:00","date_gmt":"2025-04-07T19:17:00","guid":{"rendered":"http:\/\/rozowyslon.eu\/?page_id=329"},"modified":"2025-04-07T21:17:38","modified_gmt":"2025-04-07T19:17:38","slug":"standardy-ochrony-maloletnich-zlobek","status":"publish","type":"page","link":"http:\/\/rozowyslon.eu\/?page_id=329","title":{"rendered":"Standardy ochrony ma\u0142oletnich &#8211; \u017c\u0142obek"},"content":{"rendered":"\t\t<div data-elementor-type=\"wp-page\" data-elementor-id=\"329\" class=\"elementor elementor-329\">\n\t\t\t\t<div class=\"elementor-element elementor-element-a11073c e-flex e-con-boxed e-con e-parent\" data-id=\"a11073c\" data-element_type=\"container\">\n\t\t\t\t\t<div class=\"e-con-inner\">\n\t\t\t\t<div class=\"elementor-element elementor-element-a000af1 elementor-widget elementor-widget-image\" data-id=\"a000af1\" data-element_type=\"widget\" data-widget_type=\"image.default\">\n\t\t\t\t<div class=\"elementor-widget-container\">\n\t\t\t\t\t\t\t\t\t\t\t\t\t\t\t\t<a href=\"http:\/\/rozowyslon.eu\/wp-content\/uploads\/2025\/04\/Standardy-ochrony-maloletnich-zlobek.pdf\">\n\t\t\t\t\t\t\t<img fetchpriority=\"high\" decoding=\"async\" width=\"768\" height=\"543\" src=\"http:\/\/rozowyslon.eu\/wp-content\/uploads\/2025\/04\/Standardy-ochrony-maloletnich-zlo-768x543.jpg\" class=\"attachment-medium_large size-medium_large wp-image-331\" alt=\"\" srcset=\"http:\/\/rozowyslon.eu\/wp-content\/uploads\/2025\/04\/Standardy-ochrony-maloletnich-zlo-768x543.jpg 768w, http:\/\/rozowyslon.eu\/wp-content\/uploads\/2025\/04\/Standardy-ochrony-maloletnich-zlo-300x212.jpg 300w, http:\/\/rozowyslon.eu\/wp-content\/uploads\/2025\/04\/Standardy-ochrony-maloletnich-zlo-1024x724.jpg 1024w, http:\/\/rozowyslon.eu\/wp-content\/uploads\/2025\/04\/Standardy-ochrony-maloletnich-zlo.jpg 1527w\" sizes=\"(max-width: 768px) 100vw, 768px\" \/>\t\t\t\t\t\t\t\t<\/a>\n\t\t\t\t\t\t\t\t\t\t\t\t\t\t\t<\/div>\n\t\t\t\t<\/div>\n\t\t\t\t\t<\/div>\n\t\t\t\t<\/div>\n\t\t\t\t<\/div>\n\t\t","protected":false},"excerpt":{"rendered":"","protected":false},"author":1,"featured_media":0,"parent":0,"menu_order":0,"comment_status":"closed","ping_status":"closed","template":"","meta":{"footnotes":""},"class_list":["post-329","page","type-page","status-publish","hentry"],"_links":{"self":[{"href":"http:\/\/rozowyslon.eu\/index.php?rest_route=\/wp\/v2\/pages\/329","targetHints":{"allow":["GET"]}}],"collection":[{"href":"http:\/\/rozowyslon.eu\/index.php?rest_route=\/wp\/v2\/pages"}],"about":[{"href":"http:\/\/rozowyslon.eu\/index.php?rest_route=\/wp\/v2\/types\/page"}],"author":[{"embeddable":true,"href":"http:\/\/rozowyslon.eu\/index.php?rest_route=\/wp\/v2\/users\/1"}],"replies":[{"embeddable":true,"href":"http:\/\/rozowyslon.eu\/index.php?rest_route=%2Fwp%2Fv2%2Fcomments&post=329"}],"version-history":[{"count":4,"href":"http:\/\/rozowyslon.eu\/index.php?rest_route=\/wp\/v2\/pages\/329\/revisions"}],"predecessor-version":[{"id":335,"href":"http:\/\/rozowyslon.eu\/index.php?rest_route=\/wp\/v2\/pages\/329\/revisions\/335"}],"wp:attachment":[{"href":"http:\/\/rozowyslon.eu\/index.php?rest_route=%2Fwp%2Fv2%2Fmedia&parent=329"}],"curies":[{"name":"wp","href":"https:\/\/api.w.org\/{rel}","templated":true}]}}