{"id":338,"date":"2025-04-07T21:21:16","date_gmt":"2025-04-07T19:21:16","guid":{"rendered":"http:\/\/rozowyslon.eu\/?page_id=338"},"modified":"2025-04-07T21:25:02","modified_gmt":"2025-04-07T19:25:02","slug":"statut-niepublicznego-przedszkola-rozowy-slon-oddzial-zlobkowy-w-sandomierzu","status":"publish","type":"page","link":"http:\/\/rozowyslon.eu\/?page_id=338","title":{"rendered":"STATUT NIEPUBLICZNEGO PRZEDSZKOLA \u201eR\u00d3\u017bOWY S\u0141O\u0143\u201d \u2013 ODDZIA\u0141 \u017b\u0141OBKOWY W SANDOMIERZU"},"content":{"rendered":"\t\t<div data-elementor-type=\"wp-page\" data-elementor-id=\"338\" class=\"elementor elementor-338\">\n\t\t\t\t<div class=\"elementor-element elementor-element-e25d12c e-flex e-con-boxed e-con e-parent\" data-id=\"e25d12c\" data-element_type=\"container\">\n\t\t\t\t\t<div class=\"e-con-inner\">\n\t\t\t\t<div class=\"elementor-element elementor-element-8c3d332 elementor-widget elementor-widget-heading\" data-id=\"8c3d332\" data-element_type=\"widget\" data-widget_type=\"heading.default\">\n\t\t\t\t<div class=\"elementor-widget-container\">\n\t\t\t\t\t<h3 class=\"elementor-heading-title elementor-size-default\"><a href=\"http:\/\/rozowyslon.eu\/wp-content\/uploads\/2025\/04\/Statut-zlobek.pdf\">STATUT NIEPUBLICZNEGO PRZEDSZKOLA \u201eR\u00d3\u017bOWY S\u0141O\u0143\u201d \u2013 ODDZIA\u0141 \u017b\u0141OBKOWY W SANDOMIERZU <\/a><\/h3>\t\t\t\t<\/div>\n\t\t\t\t<\/div>\n\t\t\t\t\t<\/div>\n\t\t\t\t<\/div>\n\t\t\t\t<\/div>\n\t\t","protected":false},"excerpt":{"rendered":"<p>STATUT NIEPUBLICZNEGO PRZEDSZKOLA \u201eR\u00d3\u017bOWY S\u0141O\u0143\u201d \u2013 ODDZIA\u0141 \u017b\u0141OBKOWY W SANDOMIERZU<\/p>\n","protected":false},"author":1,"featured_media":0,"parent":0,"menu_order":0,"comment_status":"closed","ping_status":"closed","template":"","meta":{"footnotes":""},"class_list":["post-338","page","type-page","status-publish","hentry"],"_links":{"self":[{"href":"http:\/\/rozowyslon.eu\/index.php?rest_route=\/wp\/v2\/pages\/338","targetHints":{"allow":["GET"]}}],"collection":[{"href":"http:\/\/rozowyslon.eu\/index.php?rest_route=\/wp\/v2\/pages"}],"about":[{"href":"http:\/\/rozowyslon.eu\/index.php?rest_route=\/wp\/v2\/types\/page"}],"author":[{"embeddable":true,"href":"http:\/\/rozowyslon.eu\/index.php?rest_route=\/wp\/v2\/users\/1"}],"replies":[{"embeddable":true,"href":"http:\/\/rozowyslon.eu\/index.php?rest_route=%2Fwp%2Fv2%2Fcomments&post=338"}],"version-history":[{"count":7,"href":"http:\/\/rozowyslon.eu\/index.php?rest_route=\/wp\/v2\/pages\/338\/revisions"}],"predecessor-version":[{"id":346,"href":"http:\/\/rozowyslon.eu\/index.php?rest_route=\/wp\/v2\/pages\/338\/revisions\/346"}],"wp:attachment":[{"href":"http:\/\/rozowyslon.eu\/index.php?rest_route=%2Fwp%2Fv2%2Fmedia&parent=338"}],"curies":[{"name":"wp","href":"https:\/\/api.w.org\/{rel}","templated":true}]}}